{"id":1836,"date":"2017-05-19T10:01:02","date_gmt":"2017-05-19T08:01:02","guid":{"rendered":"http:\/\/www.colombarda.it\/?page_id=1836\/"},"modified":"2017-05-19T10:01:02","modified_gmt":"2017-05-19T08:01:02","slug":"privacy-e-cookies","status":"publish","type":"page","link":"https:\/\/www.colombarda.it\/de\/privacy-e-cookies\/","title":{"rendered":"Privacy e Cookies"},"content":{"rendered":"<div class=\"wpb-content-wrapper\"><p>[vc_row][vc_column][vc_column_text]TENUTA COLOMBARDA SRL SOC. AGR. ist seit jeher bestrebt, die Privatsph\u00e4re ihrer Kunden zu wahren, mit denen sie tagt\u00e4glich \u00fcber die eigenen Webseiten in Kontakt tritt. Dabei gew\u00e4hrleistet sie ein hohes Ma\u00df an Sicherheit bei der Verarbeitung der personenbezogenen Daten.<\/p>\n<p>Unter Verarbeitung von personenbezogenen Daten versteht man jeden mit oder ohne Hilfe automatisierter Verfahren ausgef\u00fchrten Vorgang oder jede Vorgangsreihe im Zusammenhang mit personenbezogenen Daten wie das Erheben, Speichern, Organisieren, Aufbewahren, Auslesen, Abfragen, Gegen\u00fcberstellen, Verwenden, Verkn\u00fcpfen, Sperren, L\u00f6schen oder Vernichten von Daten, auch wenn diese nicht in einer Datenbank gespeichert sind.<\/p>\n<p>&nbsp;<\/p>\n<p>Diese Seite gibt Auskunft \u00fcber die Verarbeitung von vom Kunden mitgeteilten Daten oder anderweitig durch Nutzung der Site\u00a0<a href=\"http:\/\/www.colombarda.it\/\">www.colombarda.it<\/a>\u00a0(nachstehend \u201eSite\u201c) erhobenen Daten unter Ber\u00fccksichtigung der einschl\u00e4gigen italienischen Rechtsvorschriften in Sachen Datenschutz und insbesondere des GvD 196\/2003 (\u201eDatenschutzkodex\u201c). Die Information inspiriert sich auch an der Empfehlung Nr. 2\/2001, die die europ\u00e4ischen Datenschutzbeh\u00f6rden der vom Art. 29 der Richtlinie Nr. 95\/46\/EG gegr\u00fcndeten Gruppe am 17. Mai 2001 angewandt haben, um einige Mindestanforderungen f\u00fcr die Online-Erhebung von personenbezogenen Daten und insbesondere die Modalit\u00e4ten, Fristen und Art der Informationen festzulegen, die die Rechtsinhaber der Datenverarbeitung den Nutzern beim Konsultieren der Web-Seiten zur Verf\u00fcgung stellen m\u00fcssen, und zwar unabh\u00e4ngig vom jeweiligen Zweck des Einstiegs in die Seite.<\/p>\n<p>Bitte beachten Sie, dass diese Datenschutzpolitik bei Aktivierung neuer Dienste oder als Folge gesetzlicher Aktualisierungen von Zeit zur Zeit \u00c4nderungen erfahren k\u00f6nnte, weshalb es empfehlenswert ist, sich in regelm\u00e4\u00dfigen Abst\u00e4nden auf der Site nach eventuellen Neuheiten umzusehen.<\/p>\n<p>Spezifische Informationen zum Datenschutz werden jedenfalls auch auf den f\u00fcr die Lieferung besonderer Dienstleistungen auf Abruf gewidmeten Seiten der Web-Plattform angef\u00fchrt bzw. angezeigt.<\/p>\n<p>&nbsp;<\/p>\n<p><strong>VON DER SITE GEBOTENE LEISTUNGEN<\/strong><\/p>\n<p>Auf der Plattform\u00a0<a href=\"http:\/\/www.colombarda.it\/\">www.colombarda.it<\/a>\u00a0hat der Nutzer freien Zugang auf die gebotenen Inhalte und Informationen. Durch Ausf\u00fcllen eines Online-Formulars mit personenbezogenen Daten \u2013 einige davon pflichtig, durch die Sie zur\u00fcck kontaktiert werden k\u00f6nnen \u2013 besteht die M\u00f6glichkeit, in den Genuss kundenspezifischer Informationen und Ratschl\u00e4ge zu den gebotenen Leistungen zu kommen.<\/p>\n<p><strong>\u201eRECHTSINHABER\u201c DER DATENVERARBEITUNG<\/strong><\/p>\n<p>Der verantwortliche Rechtsinhaber f\u00fcr die Erhebung, Nutzung und jeden an die mitgeteilten personenbezogenen Daten gebundenen Vorgang ist die Gesellschaft TENUTA COLOMBARDA SRL SOC. AGR. mit Domizil in Rimini, Via P.\u00a0Vicinio da Sarsina, 42 \u2013 47521 Cesena (FC).<\/p>\n<p><strong>DER VERANTWORTLICHE F\u00dcR DIE DATENVERARBEITUNG<\/strong><\/p>\n<p>Wie in der im Artikel 13, Absatz 1 \u2013 Buchstabe f des gesetzesvertretendes Dekrets vom 30. Juni 2003, Nr. 196 behandelten Information vorgesehen gilt: \u201eHat der Rechtsinhaber mehrere Verantwortliche namhaft gemacht, so ist wenigstens einer davon anzugeben und darauf hinzuweisen, auf welcher Netzwerkseite oder wie sonst die betroffene Person ohne erheblichen Aufwand die jeweils aktuelle Liste der Verantwortlichen findet.\u201c Um dieser Bestimmung gerecht zu werden, kann \u00fcber die Adresse privacy@colombarda.it oder per Fax an die Nummer +39 0547 663688 eine aktuelle Liste der Verantwortlichen f\u00fcr die Datenverarbeitung angefordert werden.<\/p>\n<p><strong>ORT DER DATENVERARBEITUNG<\/strong><\/p>\n<p>Die an die Web-Leistungen der Site gebundene Datenverarbeitung, f\u00fcr die TENUTA COLOMBARDA SRL SOC. AGR. Rechtsinhaber ist, findet sowohl am Ort der Anschrift des Rechtsinhabers statt als auch f\u00fcr einige Aspekte, die die Verarbeitung von personenbezogenen Daten erforderlich machen, an den Standorten von TENUTA COLOMBARDA SRL SOC. AGR., dem Lieferanten und Verantwortlichen.<\/p>\n<p>Diese Daten werden nur vom beauftragten technischen Personal oder von eventuell f\u00fcr gelegentliche Wartungsarbeiten Beauftragten gepflegt. Es werden keine vom Web-Service herr\u00fchrenden Daten mitgeteilt oder verbreitet.<\/p>\n<p>Die von den Nutzern mitgeteilten personenbezogenen Daten f\u00fcr Anfragen zur \u00dcbersendung von Informationsmaterial werden nur zur Durchf\u00fchrung der jeweiligen angefragten Dienstleistung bzw. Leistung verwendet und nicht an Dritte mitgeteilt oder verbreitet.<\/p>\n<p><strong>ART DER VERARBEITETEN DATEN<\/strong><\/p>\n<ul class=\"list\">\n<li><strong>Surfdaten <\/strong><\/li>\n<\/ul>\n<p>Die f\u00fcr diese Web-Seite verwendeten Informatiksysteme und Softwareverfahren erfassen im Laufe ihrer normalen T\u00e4tigkeit einige personenbezogene Daten, deren \u00dcbertragung die Verwendung von Internet-Kommunikationsprotokolle voraussetzt.<\/p>\n<p>Es handelt sich dabei um Infos, die nicht erfasst werden, um mit bestimmten Personen in Verbindung gebracht zu werden, die aber aufgrund ihrer Beschaffenheit, durch die Verarbeitung und die Verkn\u00fcpfung mit Daten, die sich im Besitz von Dritten befinden, die Identifizierung der Nutzer erm\u00f6glichen k\u00f6nnten.<\/p>\n<p>Unter diese Kategorie fallen IP-Adressen oder Domainnamen der von den Nutzern f\u00fcr den Besuch der Website verwendeten Computer, URI (Uniform Resource Identifier)-Adressen der angeforderten Ressourcen, die Uhrzeit, zu der die Anfrage erfolgt, die f\u00fcr die Anfrage an den Server verwendete Methode, Gr\u00f6\u00dfe der Antwortdatei, der numerische Code, der den Antwortstatus des Servers angibt (erfolgreich, Fehler usw.) und andere Parameter des Betriebssystems und der Informatikumgebung des Nutzers.<\/p>\n<p>Diese Daten werden ausschlie\u00dflich f\u00fcr die Erfassung anonymer statistischer Informationen \u00fcber die Nutzung der Website und f\u00fcr die Kontrolle des einwandfreien Betriebs verwendet. Die Daten k\u00f6nnten auch f\u00fcr die Ermittlung der Verantwortlichen im Falle von m\u00f6glichen Informatikdelikten zum Schaden der Website herangezogen werden.<\/p>\n<ul class=\"list\">\n<li><strong>Freiwillig vom Nutzer mitgeteilte Daten<\/strong><\/li>\n<\/ul>\n<p>Das fakultative, ausdr\u00fcckliche und freiwillige Senden von E-Mails an die Adressen auf dieser Seite bewirkt die Erhebung der Adresse des Absenders, die f\u00fcr die Beantwortung der Anfragen erforderlich ist, sowie eventuell anderer personenbezogener Daten, die in der Nachricht enthalten sind.<\/p>\n<p>Spezifische Informationen zum Datenschutz werden jedenfalls auch auf den f\u00fcr die Lieferung besonderer Dienstleistungen auf Abruf gewidmeten Seiten der Web-Plattform angef\u00fchrt bzw. angezeigt.<\/p>\n<p>&nbsp;<\/p>\n<p><strong>COOKIES<\/strong><\/p>\n<p>Es werden keine personenbezogenen Nutzerdaten von der Website erfasst.<\/p>\n<p>F\u00fcr die \u00dcbertragung von Informationen pers\u00f6nlicher Art werden weder Cookies noch Systeme zum Auffinden und Identifizieren der Nutzer eingesetzt.<\/p>\n<p>Die Verwendung so genannter Sitzungs-Cookies (die nicht permanent im Computer des Nutzers gespeichert werden und mit Schlie\u00dfung des Browsers verschwinden) ist rein an die \u00dcbertragung der Sitzungskenndaten gebunden (die aus zuf\u00e4llig vom Server generierten Zahlen bestehen), um ein sicheres und wirksames Erkunden der Site zu erm\u00f6glichen. Diese Site nutzt Google Analytics, ein Analyse- und Monitoring-Service von Google Inc. (\u201eGoogle\u201c).<\/p>\n<p>Google Analytics nutzt \u201eCookies\u201c bzw. die Textdateien, die im Computer des Nutzers abgespeichert werden, um der Seite eine Analyse zu erm\u00f6glichen, wie die Nutzer die Site verwenden. Die vom Cookie erzeugten Informationen \u00fcber die Verwendung der Site durch den Nutzer (einschlie\u00dflich der IP-Adresse) werden an die Server von Google in den Vereinigten Staaten weitergeleitet und dort gespeichert. Google verwendet diese Informationen, um die Nutzung der Website zu verfolgen und auszuwerten, um Reports \u00fcber die Website-Aktivit\u00e4ten zusammenzustellen und um weitere mit der Website-Nutzung und der Internetnutzung verbundene Dienstleistungen zu erbringen.<\/p>\n<p>Auch wird Google diese Informationen gegebenenfalls an Dritte \u00fcbertragen, sofern dies gesetzlich vorgeschrieben ist oder soweit Dritte oben genannte Informationen im Auftrag von Google verarbeiten.<\/p>\n<p>Die IP-Adresse des Nutzers wird nicht mit anderen Daten von Google zusammengef\u00fchrt. Der Nutzer kann sich \u00fcber die entsprechenden Einstellungen seines Browsers gegen Cookies entscheiden, was ihn aber daran hindern w\u00fcrde, alle Funktionalit\u00e4ten dieser Seite zu nutzen.<\/p>\n<p>Durch Nutzung dieser Site stimmt der Nutzer der Verarbeitung seiner Daten mit den oben beschriebenen Modalit\u00e4ten und Zwecken durch Google zu.<\/p>\n<p><strong>FREIWILLIGKEIT DER PREISGABE VON DATEN<\/strong><\/p>\n<p>Abgesehen von den zu den Surfdaten gemachten Angaben, kann der Nutzer zur beschleunigten Sendung von Infos oder anderen Mitteilungen freiwillig die in den Anfragemodularen geforderten personenbezogenen Daten preisgeben.<\/p>\n<p>Ihre unterlassene Mitteilung kann in einigen F\u00e4llen dazu f\u00fchren, dass die gebotenen Leistungen nicht ausgef\u00fchrt werden k\u00f6nnen. Die unterlassene Zustimmung zur Datenverarbeitung oder ein sp\u00e4terer Widerruf f\u00fchrt zur Aufhebung der Anfrage und in der Folge zur L\u00f6schung der von der Site gebotenen Dienstleistungen.<\/p>\n<p><strong>MODALIT\u00c4TEN DER VERARBEITUNG<\/strong><\/p>\n<p>Die personenbezogenen Daten werden mit elektronischen Mitteln und nur f\u00fcr die zur Erreichung des Zwecks, zu dem sie erfasst werden, unbedingt erforderliche Dauer verarbeitet.<\/p>\n<p>Spezielle Sicherheitsvorkehrungen werden umgesetzt, um den Verlust, die illegale oder unkorrekte Verwendung sowie unbefugte Zugriffe zu vermeiden.<\/p>\n<p><strong>RECHTE DER BETROFFENEN PERSONEN<\/strong><\/p>\n<p>Die Rechtstr\u00e4ger, auf die sich die personenbezogenen Daten beziehen, sind jederzeit berechtigt, Auskunft \u00fcber das Vorhandensein, den Inhalt und die Herkunft der Daten zu erhalten, deren Richtigkeit zu pr\u00fcfen oder deren Erg\u00e4nzung, Aktualisierung oder Berichtigung zu fordern (Art. 7 des GvD Nr. 196\/2003).<\/p>\n<p>Im Sinne dieses Artikels sind die Betroffenen berechtigt, die L\u00f6schung, Anonymisierung oder Sperrung der gesetzlich unwidrig verarbeiteten Daten zu verlangen sowie sich aus berechtigten Gr\u00fcnden der Verarbeitung zu widersetzen.[\/vc_column_text][\/vc_column][\/vc_row]<\/p>\n<\/div>","protected":false},"excerpt":{"rendered":"<p>&#8230;<\/p>\n","protected":false},"author":2,"featured_media":1152,"parent":0,"menu_order":0,"comment_status":"closed","ping_status":"closed","template":"","meta":{"footnotes":""},"class_list":["post-1836","page","type-page","status-publish","has-post-thumbnail","hentry"],"yoast_head":"<!-- This site is optimized with the Yoast SEO plugin v26.4 - https:\/\/yoast.com\/wordpress\/plugins\/seo\/ -->\n<title>Privacy e Cookies - Colombarda<\/title>\n<meta name=\"robots\" content=\"index, follow, max-snippet:-1, max-image-preview:large, max-video-preview:-1\" \/>\n<link rel=\"canonical\" href=\"https:\/\/www.colombarda.it\/de\/privacy-e-cookies\/\" \/>\n<meta property=\"og:locale\" content=\"de_DE\" \/>\n<meta property=\"og:type\" content=\"article\" \/>\n<meta property=\"og:title\" content=\"Privacy e Cookies - Colombarda\" \/>\n<meta property=\"og:description\" content=\"...\" \/>\n<meta property=\"og:url\" content=\"https:\/\/www.colombarda.it\/de\/privacy-e-cookies\/\" \/>\n<meta property=\"og:site_name\" content=\"Colombarda\" \/>\n<meta property=\"og:image\" content=\"https:\/\/www.colombarda.it\/wp-content\/uploads\/2016\/02\/privacy_policy2.jpg\" \/>\n\t<meta property=\"og:image:width\" content=\"900\" \/>\n\t<meta property=\"og:image:height\" content=\"300\" \/>\n\t<meta property=\"og:image:type\" content=\"image\/jpeg\" \/>\n<meta name=\"twitter:card\" content=\"summary_large_image\" \/>\n<meta name=\"twitter:label1\" content=\"Est. reading time\" \/>\n\t<meta name=\"twitter:data1\" content=\"7 minutes\" \/>\n<script type=\"application\/ld+json\" class=\"yoast-schema-graph\">{\"@context\":\"https:\/\/schema.org\",\"@graph\":[{\"@type\":\"WebPage\",\"@id\":\"https:\/\/www.colombarda.it\/de\/privacy-e-cookies\/\",\"url\":\"https:\/\/www.colombarda.it\/de\/privacy-e-cookies\/\",\"name\":\"Privacy e Cookies - Colombarda\",\"isPartOf\":{\"@id\":\"https:\/\/www.colombarda.it\/#website\"},\"primaryImageOfPage\":{\"@id\":\"https:\/\/www.colombarda.it\/de\/privacy-e-cookies\/#primaryimage\"},\"image\":{\"@id\":\"https:\/\/www.colombarda.it\/de\/privacy-e-cookies\/#primaryimage\"},\"thumbnailUrl\":\"https:\/\/www.colombarda.it\/wp-content\/uploads\/2016\/02\/privacy_policy2.jpg\",\"datePublished\":\"2017-05-19T08:01:02+00:00\",\"breadcrumb\":{\"@id\":\"https:\/\/www.colombarda.it\/de\/privacy-e-cookies\/#breadcrumb\"},\"inLanguage\":\"de-DE\",\"potentialAction\":[{\"@type\":\"ReadAction\",\"target\":[\"https:\/\/www.colombarda.it\/de\/privacy-e-cookies\/\"]}]},{\"@type\":\"ImageObject\",\"inLanguage\":\"de-DE\",\"@id\":\"https:\/\/www.colombarda.it\/de\/privacy-e-cookies\/#primaryimage\",\"url\":\"https:\/\/www.colombarda.it\/wp-content\/uploads\/2016\/02\/privacy_policy2.jpg\",\"contentUrl\":\"https:\/\/www.colombarda.it\/wp-content\/uploads\/2016\/02\/privacy_policy2.jpg\",\"width\":900,\"height\":300},{\"@type\":\"BreadcrumbList\",\"@id\":\"https:\/\/www.colombarda.it\/de\/privacy-e-cookies\/#breadcrumb\",\"itemListElement\":[{\"@type\":\"ListItem\",\"position\":1,\"name\":\"Home\",\"item\":\"https:\/\/www.colombarda.it\/de\/\"},{\"@type\":\"ListItem\",\"position\":2,\"name\":\"Privacy e Cookies\"}]},{\"@type\":\"WebSite\",\"@id\":\"https:\/\/www.colombarda.it\/#website\",\"url\":\"https:\/\/www.colombarda.it\/\",\"name\":\"Colombarda\",\"description\":\"Tenuta Colombarda\",\"publisher\":{\"@id\":\"https:\/\/www.colombarda.it\/#organization\"},\"potentialAction\":[{\"@type\":\"SearchAction\",\"target\":{\"@type\":\"EntryPoint\",\"urlTemplate\":\"https:\/\/www.colombarda.it\/?s={search_term_string}\"},\"query-input\":{\"@type\":\"PropertyValueSpecification\",\"valueRequired\":true,\"valueName\":\"search_term_string\"}}],\"inLanguage\":\"de-DE\"},{\"@type\":\"Organization\",\"@id\":\"https:\/\/www.colombarda.it\/#organization\",\"name\":\"Tenuta Colombarda\",\"url\":\"https:\/\/www.colombarda.it\/\",\"logo\":{\"@type\":\"ImageObject\",\"inLanguage\":\"de-DE\",\"@id\":\"https:\/\/www.colombarda.it\/#\/schema\/logo\/image\/\",\"url\":\"https:\/\/www.colombarda.it\/wp-content\/uploads\/2017\/01\/Logo_Colombarda_quadrato.png\",\"contentUrl\":\"https:\/\/www.colombarda.it\/wp-content\/uploads\/2017\/01\/Logo_Colombarda_quadrato.png\",\"width\":400,\"height\":400,\"caption\":\"Tenuta Colombarda\"},\"image\":{\"@id\":\"https:\/\/www.colombarda.it\/#\/schema\/logo\/image\/\"}}]}<\/script>\n<!-- \/ Yoast SEO plugin. -->","yoast_head_json":{"title":"Privacy e Cookies - Colombarda","robots":{"index":"index","follow":"follow","max-snippet":"max-snippet:-1","max-image-preview":"max-image-preview:large","max-video-preview":"max-video-preview:-1"},"canonical":"https:\/\/www.colombarda.it\/de\/privacy-e-cookies\/","og_locale":"de_DE","og_type":"article","og_title":"Privacy e Cookies - Colombarda","og_description":"...","og_url":"https:\/\/www.colombarda.it\/de\/privacy-e-cookies\/","og_site_name":"Colombarda","og_image":[{"width":900,"height":300,"url":"https:\/\/www.colombarda.it\/wp-content\/uploads\/2016\/02\/privacy_policy2.jpg","type":"image\/jpeg"}],"twitter_card":"summary_large_image","twitter_misc":{"Est. reading time":"7 minutes"},"schema":{"@context":"https:\/\/schema.org","@graph":[{"@type":"WebPage","@id":"https:\/\/www.colombarda.it\/de\/privacy-e-cookies\/","url":"https:\/\/www.colombarda.it\/de\/privacy-e-cookies\/","name":"Privacy e Cookies - Colombarda","isPartOf":{"@id":"https:\/\/www.colombarda.it\/#website"},"primaryImageOfPage":{"@id":"https:\/\/www.colombarda.it\/de\/privacy-e-cookies\/#primaryimage"},"image":{"@id":"https:\/\/www.colombarda.it\/de\/privacy-e-cookies\/#primaryimage"},"thumbnailUrl":"https:\/\/www.colombarda.it\/wp-content\/uploads\/2016\/02\/privacy_policy2.jpg","datePublished":"2017-05-19T08:01:02+00:00","breadcrumb":{"@id":"https:\/\/www.colombarda.it\/de\/privacy-e-cookies\/#breadcrumb"},"inLanguage":"de-DE","potentialAction":[{"@type":"ReadAction","target":["https:\/\/www.colombarda.it\/de\/privacy-e-cookies\/"]}]},{"@type":"ImageObject","inLanguage":"de-DE","@id":"https:\/\/www.colombarda.it\/de\/privacy-e-cookies\/#primaryimage","url":"https:\/\/www.colombarda.it\/wp-content\/uploads\/2016\/02\/privacy_policy2.jpg","contentUrl":"https:\/\/www.colombarda.it\/wp-content\/uploads\/2016\/02\/privacy_policy2.jpg","width":900,"height":300},{"@type":"BreadcrumbList","@id":"https:\/\/www.colombarda.it\/de\/privacy-e-cookies\/#breadcrumb","itemListElement":[{"@type":"ListItem","position":1,"name":"Home","item":"https:\/\/www.colombarda.it\/de\/"},{"@type":"ListItem","position":2,"name":"Privacy e Cookies"}]},{"@type":"WebSite","@id":"https:\/\/www.colombarda.it\/#website","url":"https:\/\/www.colombarda.it\/","name":"Colombarda","description":"Tenuta Colombarda","publisher":{"@id":"https:\/\/www.colombarda.it\/#organization"},"potentialAction":[{"@type":"SearchAction","target":{"@type":"EntryPoint","urlTemplate":"https:\/\/www.colombarda.it\/?s={search_term_string}"},"query-input":{"@type":"PropertyValueSpecification","valueRequired":true,"valueName":"search_term_string"}}],"inLanguage":"de-DE"},{"@type":"Organization","@id":"https:\/\/www.colombarda.it\/#organization","name":"Tenuta Colombarda","url":"https:\/\/www.colombarda.it\/","logo":{"@type":"ImageObject","inLanguage":"de-DE","@id":"https:\/\/www.colombarda.it\/#\/schema\/logo\/image\/","url":"https:\/\/www.colombarda.it\/wp-content\/uploads\/2017\/01\/Logo_Colombarda_quadrato.png","contentUrl":"https:\/\/www.colombarda.it\/wp-content\/uploads\/2017\/01\/Logo_Colombarda_quadrato.png","width":400,"height":400,"caption":"Tenuta Colombarda"},"image":{"@id":"https:\/\/www.colombarda.it\/#\/schema\/logo\/image\/"}}]}},"_links":{"self":[{"href":"https:\/\/www.colombarda.it\/de\/wp-json\/wp\/v2\/pages\/1836","targetHints":{"allow":["GET"]}}],"collection":[{"href":"https:\/\/www.colombarda.it\/de\/wp-json\/wp\/v2\/pages"}],"about":[{"href":"https:\/\/www.colombarda.it\/de\/wp-json\/wp\/v2\/types\/page"}],"author":[{"embeddable":true,"href":"https:\/\/www.colombarda.it\/de\/wp-json\/wp\/v2\/users\/2"}],"replies":[{"embeddable":true,"href":"https:\/\/www.colombarda.it\/de\/wp-json\/wp\/v2\/comments?post=1836"}],"version-history":[{"count":1,"href":"https:\/\/www.colombarda.it\/de\/wp-json\/wp\/v2\/pages\/1836\/revisions"}],"predecessor-version":[{"id":1837,"href":"https:\/\/www.colombarda.it\/de\/wp-json\/wp\/v2\/pages\/1836\/revisions\/1837"}],"wp:featuredmedia":[{"embeddable":true,"href":"https:\/\/www.colombarda.it\/de\/wp-json\/wp\/v2\/media\/1152"}],"wp:attachment":[{"href":"https:\/\/www.colombarda.it\/de\/wp-json\/wp\/v2\/media?parent=1836"}],"curies":[{"name":"wp","href":"https:\/\/api.w.org\/{rel}","templated":true}]}}