{"id":1653,"date":"2017-04-04T12:25:47","date_gmt":"2017-04-04T10:25:47","guid":{"rendered":"http:\/\/www.colombarda.it\/?page_id=1653\/"},"modified":"2020-02-03T16:01:28","modified_gmt":"2020-02-03T15:01:28","slug":"das-anwesen","status":"publish","type":"page","link":"https:\/\/www.colombarda.it\/de\/das-anwesen\/","title":{"rendered":"Das Anwesen"},"content":{"rendered":"<div class=\"wpb-content-wrapper\"><p>[vc_row][vc_column][vc_text_separator title=&#8221;Historischer Hintergrund&#8221;][\/vc_column][\/vc_row][vc_row][vc_column width=&#8221;1\/3&#8243;][vc_single_image image=&#8221;1452&#8243; img_size=&#8221;full&#8221; alignment=&#8221;right&#8221;][\/vc_column][vc_column width=&#8221;2\/3&#8243;][vc_column_text]Das Anwesen Colombarda entstand Mitte des 19. Jahrhunderts auf den H\u00fcgeln n\u00f6rdlich von Cesena, am Rande von Bertinoro, zwischen Paderno und San Vittore. Derzeit setzt es sich aus drei Betriebsk\u00f6rpern mit insgesamt 26 Hektar Weinbergen, Olivenhainen und W\u00e4ldern zusammen. Die 19 Hektar D.O.P. Romagna &#8211; Rebfl\u00e4che mit haupts\u00e4chlich S\u00fcd, S\u00fcdwestlage, werfen Qualit\u00e4tstrauben ab und sind sehr ergiebig, was zum einen auf den Lehm- und Tuffboden und zum anderen auf die hohe Stockdichte zur\u00fcckzuf\u00fchren ist.<\/p>\n<p>In den 40er-Jahren entstand auf Wunsch von Cav. Aldo Domeniconi (damaliger Eigent\u00fcmer des Familienbetriebs) der Weinkeller \u201ela cantina\u201c, um die erzeugten Trauben selbst zu Wein verarbeiten zu k\u00f6nnen.<\/p>\n<p>Im Laufe der Zeit wichen die ersten rudiment\u00e4ren Ger\u00e4te allm\u00e4hlich immer moderneren. Der so erzielte gesunde, echte und qualitativ hochwertige Wein ist also das Ergebnis einer gelungenen Verbindung zwischen Technologie und Tradition.<\/p>\n<p>In diesem Zusammenhang ist Tenuta Colombarda schon seit mehreren Jahren Mitglied einer kleinen und ausgew\u00e4hlten Gruppe an italienischen Betrieben, die am \u201eProgetto Globale Du Pont\u201c teilnehmen; ein mehrj\u00e4hriges Engagement, das darauf abzielt, durch von \u00f6ffentlichen Labors zertifizierte, strenge Kontrollen die Verwendung von Pestiziden in Weinbergen zu begrenzen.<\/p>\n<p>Besonderes Augenmerk schenkte man in den letzten zehn Jahren der Umstellung von aufgelassenen Rebfl\u00e4chen oder Saatfl\u00e4chen in den H\u00fcgeln, um sie so der Erosion zu entziehen. Unter anderem wurden wichtige hydraulische und landwirtschaftliche Eingriffe get\u00e4tigt. Die derzeitigen Eigent\u00fcmer des Weinbaubetriebs Tenuta Colombarda sind die Familien Dionigi und Agostini, direkte Nachkommen von Cavalier Domeniconi.[\/vc_column_text][\/vc_column][\/vc_row]<\/p>\n<\/div>","protected":false},"excerpt":{"rendered":"<p>&#8230;<\/p>\n","protected":false},"author":2,"featured_media":2144,"parent":0,"menu_order":0,"comment_status":"closed","ping_status":"closed","template":"","meta":{"footnotes":""},"class_list":["post-1653","page","type-page","status-publish","has-post-thumbnail","hentry"],"yoast_head":"<!-- This site is optimized with the Yoast SEO plugin v26.4 - https:\/\/yoast.com\/wordpress\/plugins\/seo\/ -->\n<title>Das Anwesen - Colombarda<\/title>\n<meta name=\"robots\" content=\"index, follow, max-snippet:-1, max-image-preview:large, max-video-preview:-1\" \/>\n<link rel=\"canonical\" href=\"https:\/\/www.colombarda.it\/de\/das-anwesen\/\" \/>\n<meta property=\"og:locale\" content=\"de_DE\" \/>\n<meta property=\"og:type\" content=\"article\" \/>\n<meta property=\"og:title\" content=\"Das Anwesen - Colombarda\" \/>\n<meta property=\"og:description\" content=\"...\" \/>\n<meta property=\"og:url\" content=\"https:\/\/www.colombarda.it\/de\/das-anwesen\/\" \/>\n<meta property=\"og:site_name\" content=\"Colombarda\" \/>\n<meta property=\"article:modified_time\" content=\"2020-02-03T15:01:28+00:00\" \/>\n<meta property=\"og:image\" content=\"https:\/\/www.colombarda.it\/wp-content\/uploads\/2017\/01\/img_1b.jpg\" \/>\n\t<meta property=\"og:image:width\" content=\"1000\" \/>\n\t<meta property=\"og:image:height\" content=\"667\" \/>\n\t<meta property=\"og:image:type\" content=\"image\/jpeg\" \/>\n<meta name=\"twitter:card\" content=\"summary_large_image\" \/>\n<meta name=\"twitter:label1\" content=\"Est. reading time\" \/>\n\t<meta name=\"twitter:data1\" content=\"1 minute\" \/>\n<script type=\"application\/ld+json\" class=\"yoast-schema-graph\">{\"@context\":\"https:\/\/schema.org\",\"@graph\":[{\"@type\":\"WebPage\",\"@id\":\"https:\/\/www.colombarda.it\/de\/das-anwesen\/\",\"url\":\"https:\/\/www.colombarda.it\/de\/das-anwesen\/\",\"name\":\"Das Anwesen - Colombarda\",\"isPartOf\":{\"@id\":\"https:\/\/www.colombarda.it\/#website\"},\"primaryImageOfPage\":{\"@id\":\"https:\/\/www.colombarda.it\/de\/das-anwesen\/#primaryimage\"},\"image\":{\"@id\":\"https:\/\/www.colombarda.it\/de\/das-anwesen\/#primaryimage\"},\"thumbnailUrl\":\"https:\/\/www.colombarda.it\/wp-content\/uploads\/2017\/01\/img_1b.jpg\",\"datePublished\":\"2017-04-04T10:25:47+00:00\",\"dateModified\":\"2020-02-03T15:01:28+00:00\",\"breadcrumb\":{\"@id\":\"https:\/\/www.colombarda.it\/de\/das-anwesen\/#breadcrumb\"},\"inLanguage\":\"de-DE\",\"potentialAction\":[{\"@type\":\"ReadAction\",\"target\":[\"https:\/\/www.colombarda.it\/de\/das-anwesen\/\"]}]},{\"@type\":\"ImageObject\",\"inLanguage\":\"de-DE\",\"@id\":\"https:\/\/www.colombarda.it\/de\/das-anwesen\/#primaryimage\",\"url\":\"https:\/\/www.colombarda.it\/wp-content\/uploads\/2017\/01\/img_1b.jpg\",\"contentUrl\":\"https:\/\/www.colombarda.it\/wp-content\/uploads\/2017\/01\/img_1b.jpg\",\"width\":1000,\"height\":667},{\"@type\":\"BreadcrumbList\",\"@id\":\"https:\/\/www.colombarda.it\/de\/das-anwesen\/#breadcrumb\",\"itemListElement\":[{\"@type\":\"ListItem\",\"position\":1,\"name\":\"Home\",\"item\":\"https:\/\/www.colombarda.it\/de\/\"},{\"@type\":\"ListItem\",\"position\":2,\"name\":\"Das Anwesen\"}]},{\"@type\":\"WebSite\",\"@id\":\"https:\/\/www.colombarda.it\/#website\",\"url\":\"https:\/\/www.colombarda.it\/\",\"name\":\"Colombarda\",\"description\":\"Tenuta Colombarda\",\"publisher\":{\"@id\":\"https:\/\/www.colombarda.it\/#organization\"},\"potentialAction\":[{\"@type\":\"SearchAction\",\"target\":{\"@type\":\"EntryPoint\",\"urlTemplate\":\"https:\/\/www.colombarda.it\/?s={search_term_string}\"},\"query-input\":{\"@type\":\"PropertyValueSpecification\",\"valueRequired\":true,\"valueName\":\"search_term_string\"}}],\"inLanguage\":\"de-DE\"},{\"@type\":\"Organization\",\"@id\":\"https:\/\/www.colombarda.it\/#organization\",\"name\":\"Tenuta Colombarda\",\"url\":\"https:\/\/www.colombarda.it\/\",\"logo\":{\"@type\":\"ImageObject\",\"inLanguage\":\"de-DE\",\"@id\":\"https:\/\/www.colombarda.it\/#\/schema\/logo\/image\/\",\"url\":\"https:\/\/www.colombarda.it\/wp-content\/uploads\/2017\/01\/Logo_Colombarda_quadrato.png\",\"contentUrl\":\"https:\/\/www.colombarda.it\/wp-content\/uploads\/2017\/01\/Logo_Colombarda_quadrato.png\",\"width\":400,\"height\":400,\"caption\":\"Tenuta Colombarda\"},\"image\":{\"@id\":\"https:\/\/www.colombarda.it\/#\/schema\/logo\/image\/\"}}]}<\/script>\n<!-- \/ Yoast SEO plugin. -->","yoast_head_json":{"title":"Das Anwesen - Colombarda","robots":{"index":"index","follow":"follow","max-snippet":"max-snippet:-1","max-image-preview":"max-image-preview:large","max-video-preview":"max-video-preview:-1"},"canonical":"https:\/\/www.colombarda.it\/de\/das-anwesen\/","og_locale":"de_DE","og_type":"article","og_title":"Das Anwesen - Colombarda","og_description":"...","og_url":"https:\/\/www.colombarda.it\/de\/das-anwesen\/","og_site_name":"Colombarda","article_modified_time":"2020-02-03T15:01:28+00:00","og_image":[{"width":1000,"height":667,"url":"https:\/\/www.colombarda.it\/wp-content\/uploads\/2017\/01\/img_1b.jpg","type":"image\/jpeg"}],"twitter_card":"summary_large_image","twitter_misc":{"Est. reading time":"1 minute"},"schema":{"@context":"https:\/\/schema.org","@graph":[{"@type":"WebPage","@id":"https:\/\/www.colombarda.it\/de\/das-anwesen\/","url":"https:\/\/www.colombarda.it\/de\/das-anwesen\/","name":"Das Anwesen - Colombarda","isPartOf":{"@id":"https:\/\/www.colombarda.it\/#website"},"primaryImageOfPage":{"@id":"https:\/\/www.colombarda.it\/de\/das-anwesen\/#primaryimage"},"image":{"@id":"https:\/\/www.colombarda.it\/de\/das-anwesen\/#primaryimage"},"thumbnailUrl":"https:\/\/www.colombarda.it\/wp-content\/uploads\/2017\/01\/img_1b.jpg","datePublished":"2017-04-04T10:25:47+00:00","dateModified":"2020-02-03T15:01:28+00:00","breadcrumb":{"@id":"https:\/\/www.colombarda.it\/de\/das-anwesen\/#breadcrumb"},"inLanguage":"de-DE","potentialAction":[{"@type":"ReadAction","target":["https:\/\/www.colombarda.it\/de\/das-anwesen\/"]}]},{"@type":"ImageObject","inLanguage":"de-DE","@id":"https:\/\/www.colombarda.it\/de\/das-anwesen\/#primaryimage","url":"https:\/\/www.colombarda.it\/wp-content\/uploads\/2017\/01\/img_1b.jpg","contentUrl":"https:\/\/www.colombarda.it\/wp-content\/uploads\/2017\/01\/img_1b.jpg","width":1000,"height":667},{"@type":"BreadcrumbList","@id":"https:\/\/www.colombarda.it\/de\/das-anwesen\/#breadcrumb","itemListElement":[{"@type":"ListItem","position":1,"name":"Home","item":"https:\/\/www.colombarda.it\/de\/"},{"@type":"ListItem","position":2,"name":"Das Anwesen"}]},{"@type":"WebSite","@id":"https:\/\/www.colombarda.it\/#website","url":"https:\/\/www.colombarda.it\/","name":"Colombarda","description":"Tenuta Colombarda","publisher":{"@id":"https:\/\/www.colombarda.it\/#organization"},"potentialAction":[{"@type":"SearchAction","target":{"@type":"EntryPoint","urlTemplate":"https:\/\/www.colombarda.it\/?s={search_term_string}"},"query-input":{"@type":"PropertyValueSpecification","valueRequired":true,"valueName":"search_term_string"}}],"inLanguage":"de-DE"},{"@type":"Organization","@id":"https:\/\/www.colombarda.it\/#organization","name":"Tenuta Colombarda","url":"https:\/\/www.colombarda.it\/","logo":{"@type":"ImageObject","inLanguage":"de-DE","@id":"https:\/\/www.colombarda.it\/#\/schema\/logo\/image\/","url":"https:\/\/www.colombarda.it\/wp-content\/uploads\/2017\/01\/Logo_Colombarda_quadrato.png","contentUrl":"https:\/\/www.colombarda.it\/wp-content\/uploads\/2017\/01\/Logo_Colombarda_quadrato.png","width":400,"height":400,"caption":"Tenuta Colombarda"},"image":{"@id":"https:\/\/www.colombarda.it\/#\/schema\/logo\/image\/"}}]}},"_links":{"self":[{"href":"https:\/\/www.colombarda.it\/de\/wp-json\/wp\/v2\/pages\/1653","targetHints":{"allow":["GET"]}}],"collection":[{"href":"https:\/\/www.colombarda.it\/de\/wp-json\/wp\/v2\/pages"}],"about":[{"href":"https:\/\/www.colombarda.it\/de\/wp-json\/wp\/v2\/types\/page"}],"author":[{"embeddable":true,"href":"https:\/\/www.colombarda.it\/de\/wp-json\/wp\/v2\/users\/2"}],"replies":[{"embeddable":true,"href":"https:\/\/www.colombarda.it\/de\/wp-json\/wp\/v2\/comments?post=1653"}],"version-history":[{"count":4,"href":"https:\/\/www.colombarda.it\/de\/wp-json\/wp\/v2\/pages\/1653\/revisions"}],"predecessor-version":[{"id":3423,"href":"https:\/\/www.colombarda.it\/de\/wp-json\/wp\/v2\/pages\/1653\/revisions\/3423"}],"wp:featuredmedia":[{"embeddable":true,"href":"https:\/\/www.colombarda.it\/de\/wp-json\/wp\/v2\/media\/2144"}],"wp:attachment":[{"href":"https:\/\/www.colombarda.it\/de\/wp-json\/wp\/v2\/media?parent=1653"}],"curies":[{"name":"wp","href":"https:\/\/api.w.org\/{rel}","templated":true}]}}